{"id":66,"date":"2017-03-28T09:38:21","date_gmt":"2017-03-28T07:38:21","guid":{"rendered":"http:\/\/thomasfischer.at\/wordpress\/?page_id=66"},"modified":"2024-01-12T06:54:05","modified_gmt":"2024-01-12T05:54:05","slug":"ueber-mich","status":"publish","type":"page","link":"http:\/\/thomasfischer.at\/wordpress\/ueber-mich\/","title":{"rendered":"\u00dcber mich"},"content":{"rendered":"<p><strong>Thomas Fischer<\/strong><\/p>\n<p>&#8211; geboren 1966<br \/>\n&#8211; verheiratet<br \/>\n&#8211; Vater eines Sohnes<\/p>\n<p><strong>seit 1989<\/strong> durchg\u00e4ngig besch\u00e4ftigt in unterschiedlichen Bereichen der sozialen Arbeit, z.B. :<\/p>\n<p>&#8211; in der Behindertenarbeit<br \/>\n&#8211; Wohngruppen f\u00fcr mehrfach behinderte und psychisch kranke Menschen<br \/>\n&#8211; in der ambulanten Altenpflege<br \/>\n&#8211; in der Hospizpflege und Sterbebegleitung<br \/>\n&#8211; Betriebsleiter einer Einrichtung der Kinder-und Jugendpflege<\/p>\n<p><strong>derzeitig<\/strong>: Betreuer in einer sozialp\u00e4dagogischen Wohngemeinschaft f\u00fcr Kinder und Jugendliche (Wohnintensivbetreuung, 1020 Wien)<\/p>\n<p><strong>1995 \u2013 2000<\/strong> Studium in den Fachgebieten Betriebswirtschaftslehre, Volkswirtschaftslehre, Soziologie und Rechtswissenschaften in Hamburg, Erlangung des akademischen Grades \u201eDiplom-Volkswirt\u201c (Schwerpunkt u.a. Sozial\u00f6konomie)<\/p>\n<p><strong>2009 \u2013 2013<\/strong>: Ausbildung zum Gestaltherapeuten am Hamburger Institut f\u00fcr Gestaltfortbildung (IGF e.V.)<\/p>\n<p><strong>2014<\/strong>: Lizenznehmer (Telefon-und Mailberatung)<br \/>\nbei Silvia Fauck Liebeskummercoaching<br \/>\n(<a href=\"http:\/\/www.liebeskummer-praxis.de\" target=\"_blank\" rel=\"noopener noreferrer\">http:\/\/www.liebeskummer-praxis.de<\/a>)<\/p>\n<p><strong>2015<\/strong>: Festellung der individuellen Bef\u00e4higung zum Lebens-und<br \/>\nSozialberater MA 63, Magistrat der Stadt Wien<\/p>\n<p><strong>2016<\/strong>: Counselor grad., BVPPT (Therapeutisch-p\u00e4dagogischer Berater)<\/p>\n<p><strong>Ferner<\/strong>:<\/p>\n<ul>\n<li>Erkennen, konstruktives Beeinflussen und effektives Ausgleichen von<br \/>\nAggressionsdynamiken<\/li>\n<li>Handlungsstrategien im p\u00e4dagogischen Alltag auf den Grundlagen der Neuen Autorit\u00e4t<\/li>\n<li>P\u00e4dagogischer Umgang mit traumatisierten Kindern<\/li>\n<li>Sozialp\u00e4dagogischer Umgang mit Gewalt<\/li>\n<li>P\u00e4dagogischer Umgang mit traumatisierten Kindern<\/li>\n<li>Betriebliches Arbeitsbew\u00e4ltigungs-Coaching<\/li>\n<\/ul>\n<p>&nbsp;<\/p>\n<p><strong>Kontakt:<\/strong><\/p>\n<p>Praxis f\u00fcr Lebensberatung und Coaching<br \/>\nThomas Fischer<br \/>\nTelefon: +43 680 1421 285<br \/>\nE-Mail: <a href=\"mailto:info@thomasfischer.at\" target=\"_blank\" rel=\"noopener noreferrer\">info@thomasfischer.at<\/a><\/p>\n","protected":false},"excerpt":{"rendered":"<p>Thomas Fischer &#8211; geboren 1966 &#8211; verheiratet &#8211; Vater eines Sohnes seit 1989 durchg\u00e4ngig besch\u00e4ftigt in unterschiedlichen Bereichen der sozialen Arbeit, z.B. : &#8211; in der Behindertenarbeit &#8211; Wohngruppen f\u00fcr mehrfach behinderte und psychisch kranke Menschen &#8211; in der ambulanten Altenpflege &#8211; in der Hospizpflege und Sterbebegleitung &#8211; Betriebsleiter einer Einrichtung der Kinder-und Jugendpflege derzeitig: [&hellip;]<\/p>\n","protected":false},"author":1,"featured_media":165,"parent":0,"menu_order":0,"comment_status":"closed","ping_status":"closed","template":"","meta":{"om_disable_all_campaigns":false,"footnotes":""},"class_list":["post-66","page","type-page","status-publish","has-post-thumbnail","hentry"],"yoast_head":"<!-- This site is optimized with the Yoast SEO plugin v23.5 - https:\/\/yoast.com\/wordpress\/plugins\/seo\/ -->\n<title>\u00dcber mich - Thomas Fischer % % % % % %<\/title>\n<meta name=\"description\" content=\"Psychologische Hilfe bei Verlust Trauer Einsamkeit Liebeskummer-Coaching Selbstwertkrisen Nachthotline Liebeskummer info: +43 680 1421285\" \/>\n<meta name=\"robots\" content=\"index, follow, max-snippet:-1, max-image-preview:large, max-video-preview:-1\" \/>\n<link rel=\"canonical\" href=\"http:\/\/thomasfischer.at\/wordpress\/ueber-mich\/\" \/>\n<meta property=\"og:locale\" content=\"de_DE\" \/>\n<meta property=\"og:type\" content=\"article\" \/>\n<meta property=\"og:title\" content=\"\u00dcber mich - Thomas Fischer % % % % % %\" \/>\n<meta property=\"og:description\" content=\"Psychologische Hilfe bei Verlust Trauer Einsamkeit Liebeskummer-Coaching Selbstwertkrisen Nachthotline Liebeskummer info: +43 680 1421285\" \/>\n<meta property=\"og:url\" content=\"http:\/\/thomasfischer.at\/wordpress\/ueber-mich\/\" \/>\n<meta property=\"og:site_name\" content=\"Thomas Fischer\" \/>\n<meta property=\"article:modified_time\" content=\"2024-01-12T05:54:05+00:00\" \/>\n<meta property=\"og:image\" content=\"http:\/\/thomasfischer.at\/wordpress\/wp-content\/uploads\/2017\/03\/candy-1678933_zs_logo.jpg\" \/>\n\t<meta property=\"og:image:width\" content=\"891\" \/>\n\t<meta property=\"og:image:height\" content=\"281\" \/>\n\t<meta property=\"og:image:type\" content=\"image\/jpeg\" \/>\n<script type=\"application\/ld+json\" class=\"yoast-schema-graph\">{\"@context\":\"https:\/\/schema.org\",\"@graph\":[{\"@type\":\"WebPage\",\"@id\":\"http:\/\/thomasfischer.at\/wordpress\/ueber-mich\/\",\"url\":\"http:\/\/thomasfischer.at\/wordpress\/ueber-mich\/\",\"name\":\"\u00dcber mich - Thomas Fischer % % % % % %\",\"isPartOf\":{\"@id\":\"http:\/\/thomasfischer.at\/wordpress\/#website\"},\"primaryImageOfPage\":{\"@id\":\"http:\/\/thomasfischer.at\/wordpress\/ueber-mich\/#primaryimage\"},\"image\":{\"@id\":\"http:\/\/thomasfischer.at\/wordpress\/ueber-mich\/#primaryimage\"},\"thumbnailUrl\":\"http:\/\/thomasfischer.at\/wordpress\/wp-content\/uploads\/2017\/03\/candy-1678933_zs_logo.jpg\",\"datePublished\":\"2017-03-28T07:38:21+00:00\",\"dateModified\":\"2024-01-12T05:54:05+00:00\",\"description\":\"Psychologische Hilfe bei Verlust Trauer Einsamkeit Liebeskummer-Coaching Selbstwertkrisen Nachthotline Liebeskummer info: +43 680 1421285\",\"breadcrumb\":{\"@id\":\"http:\/\/thomasfischer.at\/wordpress\/ueber-mich\/#breadcrumb\"},\"inLanguage\":\"de\",\"potentialAction\":[{\"@type\":\"ReadAction\",\"target\":[\"http:\/\/thomasfischer.at\/wordpress\/ueber-mich\/\"]}]},{\"@type\":\"ImageObject\",\"inLanguage\":\"de\",\"@id\":\"http:\/\/thomasfischer.at\/wordpress\/ueber-mich\/#primaryimage\",\"url\":\"http:\/\/thomasfischer.at\/wordpress\/wp-content\/uploads\/2017\/03\/candy-1678933_zs_logo.jpg\",\"contentUrl\":\"http:\/\/thomasfischer.at\/wordpress\/wp-content\/uploads\/2017\/03\/candy-1678933_zs_logo.jpg\",\"width\":891,\"height\":281},{\"@type\":\"BreadcrumbList\",\"@id\":\"http:\/\/thomasfischer.at\/wordpress\/ueber-mich\/#breadcrumb\",\"itemListElement\":[{\"@type\":\"ListItem\",\"position\":1,\"name\":\"Startseite\",\"item\":\"http:\/\/thomasfischer.at\/wordpress\/\"},{\"@type\":\"ListItem\",\"position\":2,\"name\":\"\u00dcber mich\"}]},{\"@type\":\"WebSite\",\"@id\":\"http:\/\/thomasfischer.at\/wordpress\/#website\",\"url\":\"http:\/\/thomasfischer.at\/wordpress\/\",\"name\":\"Praxis Thomas Fischer\",\"description\":\"\",\"publisher\":{\"@id\":\"http:\/\/thomasfischer.at\/wordpress\/#\/schema\/person\/0750b11a010b564498ba0aa431f36ec0\"},\"potentialAction\":[{\"@type\":\"SearchAction\",\"target\":{\"@type\":\"EntryPoint\",\"urlTemplate\":\"http:\/\/thomasfischer.at\/wordpress\/?s={search_term_string}\"},\"query-input\":{\"@type\":\"PropertyValueSpecification\",\"valueRequired\":true,\"valueName\":\"search_term_string\"}}],\"inLanguage\":\"de\"},{\"@type\":[\"Person\",\"Organization\"],\"@id\":\"http:\/\/thomasfischer.at\/wordpress\/#\/schema\/person\/0750b11a010b564498ba0aa431f36ec0\",\"name\":\"Thomas Fischer\",\"image\":{\"@type\":\"ImageObject\",\"inLanguage\":\"de\",\"@id\":\"http:\/\/thomasfischer.at\/wordpress\/#\/schema\/person\/image\/\",\"url\":\"http:\/\/2.gravatar.com\/avatar\/26c75301a20a16dd69cb304ec4ada93c?s=96&d=mm&r=g\",\"contentUrl\":\"http:\/\/2.gravatar.com\/avatar\/26c75301a20a16dd69cb304ec4ada93c?s=96&d=mm&r=g\",\"caption\":\"Thomas Fischer\"},\"logo\":{\"@id\":\"http:\/\/thomasfischer.at\/wordpress\/#\/schema\/person\/image\/\"},\"sameAs\":[\"http:\/\/thomasfischer.at\"]}]}<\/script>\n<!-- \/ Yoast SEO plugin. -->","yoast_head_json":{"title":"\u00dcber mich - Thomas Fischer % % % % % %","description":"Psychologische Hilfe bei Verlust Trauer Einsamkeit Liebeskummer-Coaching Selbstwertkrisen Nachthotline Liebeskummer info: +43 680 1421285","robots":{"index":"index","follow":"follow","max-snippet":"max-snippet:-1","max-image-preview":"max-image-preview:large","max-video-preview":"max-video-preview:-1"},"canonical":"http:\/\/thomasfischer.at\/wordpress\/ueber-mich\/","og_locale":"de_DE","og_type":"article","og_title":"\u00dcber mich - Thomas Fischer % % % % % %","og_description":"Psychologische Hilfe bei Verlust Trauer Einsamkeit Liebeskummer-Coaching Selbstwertkrisen Nachthotline Liebeskummer info: +43 680 1421285","og_url":"http:\/\/thomasfischer.at\/wordpress\/ueber-mich\/","og_site_name":"Thomas Fischer","article_modified_time":"2024-01-12T05:54:05+00:00","og_image":[{"width":891,"height":281,"url":"http:\/\/thomasfischer.at\/wordpress\/wp-content\/uploads\/2017\/03\/candy-1678933_zs_logo.jpg","type":"image\/jpeg"}],"schema":{"@context":"https:\/\/schema.org","@graph":[{"@type":"WebPage","@id":"http:\/\/thomasfischer.at\/wordpress\/ueber-mich\/","url":"http:\/\/thomasfischer.at\/wordpress\/ueber-mich\/","name":"\u00dcber mich - Thomas Fischer % % % % % %","isPartOf":{"@id":"http:\/\/thomasfischer.at\/wordpress\/#website"},"primaryImageOfPage":{"@id":"http:\/\/thomasfischer.at\/wordpress\/ueber-mich\/#primaryimage"},"image":{"@id":"http:\/\/thomasfischer.at\/wordpress\/ueber-mich\/#primaryimage"},"thumbnailUrl":"http:\/\/thomasfischer.at\/wordpress\/wp-content\/uploads\/2017\/03\/candy-1678933_zs_logo.jpg","datePublished":"2017-03-28T07:38:21+00:00","dateModified":"2024-01-12T05:54:05+00:00","description":"Psychologische Hilfe bei Verlust Trauer Einsamkeit Liebeskummer-Coaching Selbstwertkrisen Nachthotline Liebeskummer info: +43 680 1421285","breadcrumb":{"@id":"http:\/\/thomasfischer.at\/wordpress\/ueber-mich\/#breadcrumb"},"inLanguage":"de","potentialAction":[{"@type":"ReadAction","target":["http:\/\/thomasfischer.at\/wordpress\/ueber-mich\/"]}]},{"@type":"ImageObject","inLanguage":"de","@id":"http:\/\/thomasfischer.at\/wordpress\/ueber-mich\/#primaryimage","url":"http:\/\/thomasfischer.at\/wordpress\/wp-content\/uploads\/2017\/03\/candy-1678933_zs_logo.jpg","contentUrl":"http:\/\/thomasfischer.at\/wordpress\/wp-content\/uploads\/2017\/03\/candy-1678933_zs_logo.jpg","width":891,"height":281},{"@type":"BreadcrumbList","@id":"http:\/\/thomasfischer.at\/wordpress\/ueber-mich\/#breadcrumb","itemListElement":[{"@type":"ListItem","position":1,"name":"Startseite","item":"http:\/\/thomasfischer.at\/wordpress\/"},{"@type":"ListItem","position":2,"name":"\u00dcber mich"}]},{"@type":"WebSite","@id":"http:\/\/thomasfischer.at\/wordpress\/#website","url":"http:\/\/thomasfischer.at\/wordpress\/","name":"Praxis Thomas Fischer","description":"","publisher":{"@id":"http:\/\/thomasfischer.at\/wordpress\/#\/schema\/person\/0750b11a010b564498ba0aa431f36ec0"},"potentialAction":[{"@type":"SearchAction","target":{"@type":"EntryPoint","urlTemplate":"http:\/\/thomasfischer.at\/wordpress\/?s={search_term_string}"},"query-input":{"@type":"PropertyValueSpecification","valueRequired":true,"valueName":"search_term_string"}}],"inLanguage":"de"},{"@type":["Person","Organization"],"@id":"http:\/\/thomasfischer.at\/wordpress\/#\/schema\/person\/0750b11a010b564498ba0aa431f36ec0","name":"Thomas Fischer","image":{"@type":"ImageObject","inLanguage":"de","@id":"http:\/\/thomasfischer.at\/wordpress\/#\/schema\/person\/image\/","url":"http:\/\/2.gravatar.com\/avatar\/26c75301a20a16dd69cb304ec4ada93c?s=96&d=mm&r=g","contentUrl":"http:\/\/2.gravatar.com\/avatar\/26c75301a20a16dd69cb304ec4ada93c?s=96&d=mm&r=g","caption":"Thomas Fischer"},"logo":{"@id":"http:\/\/thomasfischer.at\/wordpress\/#\/schema\/person\/image\/"},"sameAs":["http:\/\/thomasfischer.at"]}]}},"_links":{"self":[{"href":"http:\/\/thomasfischer.at\/wordpress\/wp-json\/wp\/v2\/pages\/66"}],"collection":[{"href":"http:\/\/thomasfischer.at\/wordpress\/wp-json\/wp\/v2\/pages"}],"about":[{"href":"http:\/\/thomasfischer.at\/wordpress\/wp-json\/wp\/v2\/types\/page"}],"author":[{"embeddable":true,"href":"http:\/\/thomasfischer.at\/wordpress\/wp-json\/wp\/v2\/users\/1"}],"replies":[{"embeddable":true,"href":"http:\/\/thomasfischer.at\/wordpress\/wp-json\/wp\/v2\/comments?post=66"}],"version-history":[{"count":9,"href":"http:\/\/thomasfischer.at\/wordpress\/wp-json\/wp\/v2\/pages\/66\/revisions"}],"predecessor-version":[{"id":248,"href":"http:\/\/thomasfischer.at\/wordpress\/wp-json\/wp\/v2\/pages\/66\/revisions\/248"}],"wp:featuredmedia":[{"embeddable":true,"href":"http:\/\/thomasfischer.at\/wordpress\/wp-json\/wp\/v2\/media\/165"}],"wp:attachment":[{"href":"http:\/\/thomasfischer.at\/wordpress\/wp-json\/wp\/v2\/media?parent=66"}],"curies":[{"name":"wp","href":"https:\/\/api.w.org\/{rel}","templated":true}]}}