{"id":381,"date":"2024-02-05T23:23:51","date_gmt":"2024-02-05T22:23:51","guid":{"rendered":"http:\/\/thomasfischer.at\/wordpress\/?page_id=381"},"modified":"2024-02-05T23:23:52","modified_gmt":"2024-02-05T22:23:52","slug":"elternarbeit-im-zwangskontext","status":"publish","type":"page","link":"http:\/\/thomasfischer.at\/wordpress\/elternarbeit-im-zwangskontext\/","title":{"rendered":"&#8222;Elternarbeit im Zwangskontext&#8220;"},"content":{"rendered":"\n<p>Die Elternarbeit in Einrichtungen der station\u00e4ren Kinder- und Jugendhilfe ist von gro\u00dfer Bedeutung und unerl\u00e4sslich f\u00fcr positive Entwicklungprozesse der betroffenen Kinder und Jugendlichen. <\/p>\n\n\n\n<p>Mein individuelles Coaching im Bereich Elternarbeit im Zwangskontext bietet ma\u00dfgeschneiderte Unterst\u00fctzung f\u00fcr Mitarbeiter:innen der station\u00e4ren Kinder-und Jugendhilfe.<\/p>\n\n\n\n<p>St\u00e4rken Sie Ihre F\u00e4higkeiten, um auch in herausfordernden Situationen eine vertrauensvolle Beziehung zu den Eltern aufzubauen. Gemeinsam gestalten wir L\u00f6sungswege, die nicht nur den Kindern und Jugendlichen, sondern auch den Eltern zugutekommen. Investieren Sie in Ihre professionelle Entwicklung und maximieren Sie den positiven Einfluss auf das Leben der betreuten Kinder und Jugendlichen.<\/p>\n\n\n\n<p class=\"has-text-align-center\"><strong>&#8222;Elternarbeit im Zwangskontext: Gemeinsam st\u00e4rker f\u00fcr eine positive Zukunft!&#8220;<\/strong><\/p>\n\n\n\n\n\n<p><\/p>\n","protected":false},"excerpt":{"rendered":"<p>Die Elternarbeit in Einrichtungen der station\u00e4ren Kinder- und Jugendhilfe ist von gro\u00dfer Bedeutung und unerl\u00e4sslich f\u00fcr positive Entwicklungprozesse der betroffenen Kinder und Jugendlichen. Mein individuelles Coaching im Bereich Elternarbeit im Zwangskontext bietet ma\u00dfgeschneiderte Unterst\u00fctzung f\u00fcr Mitarbeiter:innen der station\u00e4ren Kinder-und Jugendhilfe. St\u00e4rken Sie Ihre F\u00e4higkeiten, um auch in herausfordernden Situationen eine vertrauensvolle Beziehung zu den Eltern [&hellip;]<\/p>\n","protected":false},"author":1,"featured_media":0,"parent":0,"menu_order":0,"comment_status":"closed","ping_status":"closed","template":"","meta":{"om_disable_all_campaigns":false,"footnotes":""},"class_list":["post-381","page","type-page","status-publish","hentry"],"yoast_head":"<!-- This site is optimized with the Yoast SEO plugin v23.5 - https:\/\/yoast.com\/wordpress\/plugins\/seo\/ -->\n<title>&quot;Elternarbeit im Zwangskontext&quot; - Thomas Fischer % % % % % %<\/title>\n<meta name=\"description\" content=\"Individuelles Coaching f\u00fcr Mitarbeiter:innen der station\u00e4ren Kinder- und Jugendhilfe. Ma\u00dfgeschneiderte L\u00f6sungen f\u00fcr herausfordernde Situationen. Kinder, Eltern, Mitarbeiter:innen, Gemeinsam st\u00e4rker f\u00fcr eine positive Zukunft !\" \/>\n<meta name=\"robots\" content=\"index, follow, max-snippet:-1, max-image-preview:large, max-video-preview:-1\" \/>\n<link rel=\"canonical\" href=\"https:\/\/thomasfischer.at\/wordpress\/elternarbeit-im-zwangskontext\/\" \/>\n<meta property=\"og:locale\" content=\"de_DE\" \/>\n<meta property=\"og:type\" content=\"article\" \/>\n<meta property=\"og:title\" content=\"&quot;Elternarbeit im Zwangskontext&quot; - Thomas Fischer % % % % % %\" \/>\n<meta property=\"og:description\" content=\"Individuelles Coaching f\u00fcr Mitarbeiter:innen der station\u00e4ren Kinder- und Jugendhilfe. Ma\u00dfgeschneiderte L\u00f6sungen f\u00fcr herausfordernde Situationen. Kinder, Eltern, Mitarbeiter:innen, Gemeinsam st\u00e4rker f\u00fcr eine positive Zukunft !\" \/>\n<meta property=\"og:url\" content=\"https:\/\/thomasfischer.at\/wordpress\/elternarbeit-im-zwangskontext\/\" \/>\n<meta property=\"og:site_name\" content=\"Thomas Fischer\" \/>\n<meta property=\"article:modified_time\" content=\"2024-02-05T22:23:52+00:00\" \/>\n<script type=\"application\/ld+json\" class=\"yoast-schema-graph\">{\"@context\":\"https:\/\/schema.org\",\"@graph\":[{\"@type\":\"WebPage\",\"@id\":\"https:\/\/thomasfischer.at\/wordpress\/elternarbeit-im-zwangskontext\/\",\"url\":\"https:\/\/thomasfischer.at\/wordpress\/elternarbeit-im-zwangskontext\/\",\"name\":\"\\\"Elternarbeit im Zwangskontext\\\" - Thomas Fischer % % % % % %\",\"isPartOf\":{\"@id\":\"http:\/\/thomasfischer.at\/wordpress\/#website\"},\"datePublished\":\"2024-02-05T22:23:51+00:00\",\"dateModified\":\"2024-02-05T22:23:52+00:00\",\"description\":\"Individuelles Coaching f\u00fcr Mitarbeiter:innen der station\u00e4ren Kinder- und Jugendhilfe. Ma\u00dfgeschneiderte L\u00f6sungen f\u00fcr herausfordernde Situationen. Kinder, Eltern, Mitarbeiter:innen, Gemeinsam st\u00e4rker f\u00fcr eine positive Zukunft !\",\"breadcrumb\":{\"@id\":\"https:\/\/thomasfischer.at\/wordpress\/elternarbeit-im-zwangskontext\/#breadcrumb\"},\"inLanguage\":\"de\",\"potentialAction\":[{\"@type\":\"ReadAction\",\"target\":[\"https:\/\/thomasfischer.at\/wordpress\/elternarbeit-im-zwangskontext\/\"]}]},{\"@type\":\"BreadcrumbList\",\"@id\":\"https:\/\/thomasfischer.at\/wordpress\/elternarbeit-im-zwangskontext\/#breadcrumb\",\"itemListElement\":[{\"@type\":\"ListItem\",\"position\":1,\"name\":\"Startseite\",\"item\":\"http:\/\/thomasfischer.at\/wordpress\/\"},{\"@type\":\"ListItem\",\"position\":2,\"name\":\"&#8222;Elternarbeit im Zwangskontext&#8220;\"}]},{\"@type\":\"WebSite\",\"@id\":\"http:\/\/thomasfischer.at\/wordpress\/#website\",\"url\":\"http:\/\/thomasfischer.at\/wordpress\/\",\"name\":\"Praxis Thomas Fischer\",\"description\":\"\",\"publisher\":{\"@id\":\"http:\/\/thomasfischer.at\/wordpress\/#\/schema\/person\/0750b11a010b564498ba0aa431f36ec0\"},\"potentialAction\":[{\"@type\":\"SearchAction\",\"target\":{\"@type\":\"EntryPoint\",\"urlTemplate\":\"http:\/\/thomasfischer.at\/wordpress\/?s={search_term_string}\"},\"query-input\":{\"@type\":\"PropertyValueSpecification\",\"valueRequired\":true,\"valueName\":\"search_term_string\"}}],\"inLanguage\":\"de\"},{\"@type\":[\"Person\",\"Organization\"],\"@id\":\"http:\/\/thomasfischer.at\/wordpress\/#\/schema\/person\/0750b11a010b564498ba0aa431f36ec0\",\"name\":\"Thomas Fischer\",\"image\":{\"@type\":\"ImageObject\",\"inLanguage\":\"de\",\"@id\":\"http:\/\/thomasfischer.at\/wordpress\/#\/schema\/person\/image\/\",\"url\":\"http:\/\/2.gravatar.com\/avatar\/26c75301a20a16dd69cb304ec4ada93c?s=96&d=mm&r=g\",\"contentUrl\":\"http:\/\/2.gravatar.com\/avatar\/26c75301a20a16dd69cb304ec4ada93c?s=96&d=mm&r=g\",\"caption\":\"Thomas Fischer\"},\"logo\":{\"@id\":\"http:\/\/thomasfischer.at\/wordpress\/#\/schema\/person\/image\/\"},\"sameAs\":[\"http:\/\/thomasfischer.at\"]}]}<\/script>\n<!-- \/ Yoast SEO plugin. -->","yoast_head_json":{"title":"\"Elternarbeit im Zwangskontext\" - Thomas Fischer % % % % % %","description":"Individuelles Coaching f\u00fcr Mitarbeiter:innen der station\u00e4ren Kinder- und Jugendhilfe. Ma\u00dfgeschneiderte L\u00f6sungen f\u00fcr herausfordernde Situationen. Kinder, Eltern, Mitarbeiter:innen, Gemeinsam st\u00e4rker f\u00fcr eine positive Zukunft !","robots":{"index":"index","follow":"follow","max-snippet":"max-snippet:-1","max-image-preview":"max-image-preview:large","max-video-preview":"max-video-preview:-1"},"canonical":"https:\/\/thomasfischer.at\/wordpress\/elternarbeit-im-zwangskontext\/","og_locale":"de_DE","og_type":"article","og_title":"\"Elternarbeit im Zwangskontext\" - Thomas Fischer % % % % % %","og_description":"Individuelles Coaching f\u00fcr Mitarbeiter:innen der station\u00e4ren Kinder- und Jugendhilfe. Ma\u00dfgeschneiderte L\u00f6sungen f\u00fcr herausfordernde Situationen. Kinder, Eltern, Mitarbeiter:innen, Gemeinsam st\u00e4rker f\u00fcr eine positive Zukunft !","og_url":"https:\/\/thomasfischer.at\/wordpress\/elternarbeit-im-zwangskontext\/","og_site_name":"Thomas Fischer","article_modified_time":"2024-02-05T22:23:52+00:00","schema":{"@context":"https:\/\/schema.org","@graph":[{"@type":"WebPage","@id":"https:\/\/thomasfischer.at\/wordpress\/elternarbeit-im-zwangskontext\/","url":"https:\/\/thomasfischer.at\/wordpress\/elternarbeit-im-zwangskontext\/","name":"\"Elternarbeit im Zwangskontext\" - Thomas Fischer % % % % % %","isPartOf":{"@id":"http:\/\/thomasfischer.at\/wordpress\/#website"},"datePublished":"2024-02-05T22:23:51+00:00","dateModified":"2024-02-05T22:23:52+00:00","description":"Individuelles Coaching f\u00fcr Mitarbeiter:innen der station\u00e4ren Kinder- und Jugendhilfe. Ma\u00dfgeschneiderte L\u00f6sungen f\u00fcr herausfordernde Situationen. Kinder, Eltern, Mitarbeiter:innen, Gemeinsam st\u00e4rker f\u00fcr eine positive Zukunft !","breadcrumb":{"@id":"https:\/\/thomasfischer.at\/wordpress\/elternarbeit-im-zwangskontext\/#breadcrumb"},"inLanguage":"de","potentialAction":[{"@type":"ReadAction","target":["https:\/\/thomasfischer.at\/wordpress\/elternarbeit-im-zwangskontext\/"]}]},{"@type":"BreadcrumbList","@id":"https:\/\/thomasfischer.at\/wordpress\/elternarbeit-im-zwangskontext\/#breadcrumb","itemListElement":[{"@type":"ListItem","position":1,"name":"Startseite","item":"http:\/\/thomasfischer.at\/wordpress\/"},{"@type":"ListItem","position":2,"name":"&#8222;Elternarbeit im Zwangskontext&#8220;"}]},{"@type":"WebSite","@id":"http:\/\/thomasfischer.at\/wordpress\/#website","url":"http:\/\/thomasfischer.at\/wordpress\/","name":"Praxis Thomas Fischer","description":"","publisher":{"@id":"http:\/\/thomasfischer.at\/wordpress\/#\/schema\/person\/0750b11a010b564498ba0aa431f36ec0"},"potentialAction":[{"@type":"SearchAction","target":{"@type":"EntryPoint","urlTemplate":"http:\/\/thomasfischer.at\/wordpress\/?s={search_term_string}"},"query-input":{"@type":"PropertyValueSpecification","valueRequired":true,"valueName":"search_term_string"}}],"inLanguage":"de"},{"@type":["Person","Organization"],"@id":"http:\/\/thomasfischer.at\/wordpress\/#\/schema\/person\/0750b11a010b564498ba0aa431f36ec0","name":"Thomas Fischer","image":{"@type":"ImageObject","inLanguage":"de","@id":"http:\/\/thomasfischer.at\/wordpress\/#\/schema\/person\/image\/","url":"http:\/\/2.gravatar.com\/avatar\/26c75301a20a16dd69cb304ec4ada93c?s=96&d=mm&r=g","contentUrl":"http:\/\/2.gravatar.com\/avatar\/26c75301a20a16dd69cb304ec4ada93c?s=96&d=mm&r=g","caption":"Thomas Fischer"},"logo":{"@id":"http:\/\/thomasfischer.at\/wordpress\/#\/schema\/person\/image\/"},"sameAs":["http:\/\/thomasfischer.at"]}]}},"_links":{"self":[{"href":"http:\/\/thomasfischer.at\/wordpress\/wp-json\/wp\/v2\/pages\/381"}],"collection":[{"href":"http:\/\/thomasfischer.at\/wordpress\/wp-json\/wp\/v2\/pages"}],"about":[{"href":"http:\/\/thomasfischer.at\/wordpress\/wp-json\/wp\/v2\/types\/page"}],"author":[{"embeddable":true,"href":"http:\/\/thomasfischer.at\/wordpress\/wp-json\/wp\/v2\/users\/1"}],"replies":[{"embeddable":true,"href":"http:\/\/thomasfischer.at\/wordpress\/wp-json\/wp\/v2\/comments?post=381"}],"version-history":[{"count":1,"href":"http:\/\/thomasfischer.at\/wordpress\/wp-json\/wp\/v2\/pages\/381\/revisions"}],"predecessor-version":[{"id":382,"href":"http:\/\/thomasfischer.at\/wordpress\/wp-json\/wp\/v2\/pages\/381\/revisions\/382"}],"wp:attachment":[{"href":"http:\/\/thomasfischer.at\/wordpress\/wp-json\/wp\/v2\/media?parent=381"}],"curies":[{"name":"wp","href":"https:\/\/api.w.org\/{rel}","templated":true}]}}