{"id":275,"date":"2024-01-14T00:13:05","date_gmt":"2024-01-13T23:13:05","guid":{"rendered":"http:\/\/thomasfischer.at\/wordpress\/?page_id=275"},"modified":"2024-02-06T00:29:48","modified_gmt":"2024-02-05T23:29:48","slug":"leistungen-preise","status":"publish","type":"page","link":"http:\/\/thomasfischer.at\/wordpress\/leistungen-preise\/","title":{"rendered":"Leistungen &#038; Preise"},"content":{"rendered":"<p>Alle Leistungen sind umsatzsteuerbefreit gem\u00e4\u00df Kleinunternehmerregelung<\/p>\n<p><strong>Psychologische Beratung \/ Coaching<\/strong><\/p>\n<p><strong>\u20ac 100,-<\/strong> \u00a0 (je 60 Minuten)<\/p>\n<p><strong>Psychologische Beratung \/ Coaching Sch\u00fcler, Auszubildende, Studenten<\/strong><\/p>\n<p><strong>\u20ac 50,-<\/strong> \u00a0\u00a0 (je 60 Minuten)<\/p>\n<p><strong>Paarberatung<\/strong><\/p>\n<p><strong>\u20ac 150,-<\/strong> \u00a0 (je 60 Minuten)<\/p>\n<p><strong>Fortbildungen \/ Seminare Elternarbeit im Zwangskontext <\/strong>auf Nachfrage<\/p>\n<p><strong>Sozialtarife<\/strong> auf Nachfrage<\/p>\n<div class=\"fusion-layout-column fusion_builder_column fusion-builder-column-1 fusion_builder_column_2_3 2_3 fusion-two-third\">\n<div class=\"fusion-column-wrapper fusion-flex-column-wrapper-legacy\">\n<div class=\"fusion-text fusion-text-2\">\n<p>Ich bitte Sie um Verst\u00e4ndnis, dass alle Beratungsgespr\u00e4che im Voraus zu honorieren sind. Eine Terminbuchung gilt zun\u00e4chst als reserviert, die endg\u00fcltige Best\u00e4tigung ergeht nach vollst\u00e4ndiger Bezahlung.<\/p>\n<p><strong>Sozialp\u00e4dagog:innen und Mitarbeiter:innen der Sozialen Arbeit: <\/strong><\/p>\n<p>F\u00fcr den Fall, dass der Einrichtungstr\u00e4ger die Kosten tr\u00e4gt, muss der Bezahlvorgang nicht abgeschlossen werden. Ich schicke dann eine Rechnung an den Tr\u00e4ger.\u00a0 Hier bitte ich allerdings kurz um vorherige telefonische Abkl\u00e4rung.<\/p>\n<p>Termine bitte mindestens 48 Stunden vorher stornieren, da nicht rechtzeitig abgesagte Termine in Rechnung gestellt werden m\u00fcssen.<\/p>\n<\/div>\n<div class=\"fusion-clearfix\"><\/div>\n<\/div>\n<\/div>\n<div class=\"fusion-layout-column fusion_builder_column fusion-builder-column-2 fusion_builder_column_1_6 1_6 fusion-one-sixth fusion-column-last fusion-no-small-visibility\">\n<div class=\"fusion-column-wrapper fusion-flex-column-wrapper-legacy\">\n<div class=\"fusion-clearfix\"><\/div>\n<\/div>\n<\/div>\n","protected":false},"excerpt":{"rendered":"<p>Alle Leistungen sind umsatzsteuerbefreit gem\u00e4\u00df Kleinunternehmerregelung Psychologische Beratung \/ Coaching \u20ac 100,- \u00a0 (je 60 Minuten) Psychologische Beratung \/ Coaching Sch\u00fcler, Auszubildende, Studenten \u20ac 50,- \u00a0\u00a0 (je 60 Minuten) Paarberatung \u20ac 150,- \u00a0 (je 60 Minuten) Fortbildungen \/ Seminare Elternarbeit im Zwangskontext auf Nachfrage Sozialtarife auf Nachfrage Ich bitte Sie um Verst\u00e4ndnis, dass alle Beratungsgespr\u00e4che [&hellip;]<\/p>\n","protected":false},"author":1,"featured_media":0,"parent":0,"menu_order":0,"comment_status":"closed","ping_status":"closed","template":"","meta":{"om_disable_all_campaigns":false,"footnotes":""},"class_list":["post-275","page","type-page","status-publish","hentry"],"yoast_head":"<!-- This site is optimized with the Yoast SEO plugin v23.5 - https:\/\/yoast.com\/wordpress\/plugins\/seo\/ -->\n<title>Leistungen &amp; Preise - Thomas Fischer % % % % % %<\/title>\n<meta name=\"description\" content=\"Psychologische Hilfe bei Verlust Trauer Einsamkeit Liebeskummer-Coaching Selbstwertkrisen Nachthotline Liebeskummer info: +43 680 1421285\" \/>\n<meta name=\"robots\" content=\"index, follow, max-snippet:-1, max-image-preview:large, max-video-preview:-1\" \/>\n<link rel=\"canonical\" href=\"http:\/\/thomasfischer.at\/wordpress\/leistungen-preise\/\" \/>\n<meta property=\"og:locale\" content=\"de_DE\" \/>\n<meta property=\"og:type\" content=\"article\" \/>\n<meta property=\"og:title\" content=\"Leistungen &amp; Preise - Thomas Fischer % % % % % %\" \/>\n<meta property=\"og:description\" content=\"Psychologische Hilfe bei Verlust Trauer Einsamkeit Liebeskummer-Coaching Selbstwertkrisen Nachthotline Liebeskummer info: +43 680 1421285\" \/>\n<meta property=\"og:url\" content=\"http:\/\/thomasfischer.at\/wordpress\/leistungen-preise\/\" \/>\n<meta property=\"og:site_name\" content=\"Thomas Fischer\" \/>\n<meta property=\"article:modified_time\" content=\"2024-02-05T23:29:48+00:00\" \/>\n<script type=\"application\/ld+json\" class=\"yoast-schema-graph\">{\"@context\":\"https:\/\/schema.org\",\"@graph\":[{\"@type\":\"WebPage\",\"@id\":\"http:\/\/thomasfischer.at\/wordpress\/leistungen-preise\/\",\"url\":\"http:\/\/thomasfischer.at\/wordpress\/leistungen-preise\/\",\"name\":\"Leistungen & Preise - Thomas Fischer % % % % % %\",\"isPartOf\":{\"@id\":\"https:\/\/thomasfischer.at\/wordpress\/#website\"},\"datePublished\":\"2024-01-13T23:13:05+00:00\",\"dateModified\":\"2024-02-05T23:29:48+00:00\",\"description\":\"Psychologische Hilfe bei Verlust Trauer Einsamkeit Liebeskummer-Coaching Selbstwertkrisen Nachthotline Liebeskummer info: +43 680 1421285\",\"breadcrumb\":{\"@id\":\"http:\/\/thomasfischer.at\/wordpress\/leistungen-preise\/#breadcrumb\"},\"inLanguage\":\"de\",\"potentialAction\":[{\"@type\":\"ReadAction\",\"target\":[\"http:\/\/thomasfischer.at\/wordpress\/leistungen-preise\/\"]}]},{\"@type\":\"BreadcrumbList\",\"@id\":\"http:\/\/thomasfischer.at\/wordpress\/leistungen-preise\/#breadcrumb\",\"itemListElement\":[{\"@type\":\"ListItem\",\"position\":1,\"name\":\"Startseite\",\"item\":\"https:\/\/thomasfischer.at\/wordpress\/\"},{\"@type\":\"ListItem\",\"position\":2,\"name\":\"Leistungen &#038; Preise\"}]},{\"@type\":\"WebSite\",\"@id\":\"https:\/\/thomasfischer.at\/wordpress\/#website\",\"url\":\"https:\/\/thomasfischer.at\/wordpress\/\",\"name\":\"Praxis Thomas Fischer\",\"description\":\"\",\"publisher\":{\"@id\":\"https:\/\/thomasfischer.at\/wordpress\/#\/schema\/person\/0750b11a010b564498ba0aa431f36ec0\"},\"potentialAction\":[{\"@type\":\"SearchAction\",\"target\":{\"@type\":\"EntryPoint\",\"urlTemplate\":\"https:\/\/thomasfischer.at\/wordpress\/?s={search_term_string}\"},\"query-input\":{\"@type\":\"PropertyValueSpecification\",\"valueRequired\":true,\"valueName\":\"search_term_string\"}}],\"inLanguage\":\"de\"},{\"@type\":[\"Person\",\"Organization\"],\"@id\":\"https:\/\/thomasfischer.at\/wordpress\/#\/schema\/person\/0750b11a010b564498ba0aa431f36ec0\",\"name\":\"Thomas Fischer\",\"image\":{\"@type\":\"ImageObject\",\"inLanguage\":\"de\",\"@id\":\"https:\/\/thomasfischer.at\/wordpress\/#\/schema\/person\/image\/\",\"url\":\"http:\/\/2.gravatar.com\/avatar\/26c75301a20a16dd69cb304ec4ada93c?s=96&d=mm&r=g\",\"contentUrl\":\"http:\/\/2.gravatar.com\/avatar\/26c75301a20a16dd69cb304ec4ada93c?s=96&d=mm&r=g\",\"caption\":\"Thomas Fischer\"},\"logo\":{\"@id\":\"https:\/\/thomasfischer.at\/wordpress\/#\/schema\/person\/image\/\"},\"sameAs\":[\"http:\/\/thomasfischer.at\"]}]}<\/script>\n<!-- \/ Yoast SEO plugin. -->","yoast_head_json":{"title":"Leistungen & Preise - Thomas Fischer % % % % % %","description":"Psychologische Hilfe bei Verlust Trauer Einsamkeit Liebeskummer-Coaching Selbstwertkrisen Nachthotline Liebeskummer info: +43 680 1421285","robots":{"index":"index","follow":"follow","max-snippet":"max-snippet:-1","max-image-preview":"max-image-preview:large","max-video-preview":"max-video-preview:-1"},"canonical":"http:\/\/thomasfischer.at\/wordpress\/leistungen-preise\/","og_locale":"de_DE","og_type":"article","og_title":"Leistungen & Preise - Thomas Fischer % % % % % %","og_description":"Psychologische Hilfe bei Verlust Trauer Einsamkeit Liebeskummer-Coaching Selbstwertkrisen Nachthotline Liebeskummer info: +43 680 1421285","og_url":"http:\/\/thomasfischer.at\/wordpress\/leistungen-preise\/","og_site_name":"Thomas Fischer","article_modified_time":"2024-02-05T23:29:48+00:00","schema":{"@context":"https:\/\/schema.org","@graph":[{"@type":"WebPage","@id":"http:\/\/thomasfischer.at\/wordpress\/leistungen-preise\/","url":"http:\/\/thomasfischer.at\/wordpress\/leistungen-preise\/","name":"Leistungen & Preise - Thomas Fischer % % % % % %","isPartOf":{"@id":"https:\/\/thomasfischer.at\/wordpress\/#website"},"datePublished":"2024-01-13T23:13:05+00:00","dateModified":"2024-02-05T23:29:48+00:00","description":"Psychologische Hilfe bei Verlust Trauer Einsamkeit Liebeskummer-Coaching Selbstwertkrisen Nachthotline Liebeskummer info: +43 680 1421285","breadcrumb":{"@id":"http:\/\/thomasfischer.at\/wordpress\/leistungen-preise\/#breadcrumb"},"inLanguage":"de","potentialAction":[{"@type":"ReadAction","target":["http:\/\/thomasfischer.at\/wordpress\/leistungen-preise\/"]}]},{"@type":"BreadcrumbList","@id":"http:\/\/thomasfischer.at\/wordpress\/leistungen-preise\/#breadcrumb","itemListElement":[{"@type":"ListItem","position":1,"name":"Startseite","item":"https:\/\/thomasfischer.at\/wordpress\/"},{"@type":"ListItem","position":2,"name":"Leistungen &#038; Preise"}]},{"@type":"WebSite","@id":"https:\/\/thomasfischer.at\/wordpress\/#website","url":"https:\/\/thomasfischer.at\/wordpress\/","name":"Praxis Thomas Fischer","description":"","publisher":{"@id":"https:\/\/thomasfischer.at\/wordpress\/#\/schema\/person\/0750b11a010b564498ba0aa431f36ec0"},"potentialAction":[{"@type":"SearchAction","target":{"@type":"EntryPoint","urlTemplate":"https:\/\/thomasfischer.at\/wordpress\/?s={search_term_string}"},"query-input":{"@type":"PropertyValueSpecification","valueRequired":true,"valueName":"search_term_string"}}],"inLanguage":"de"},{"@type":["Person","Organization"],"@id":"https:\/\/thomasfischer.at\/wordpress\/#\/schema\/person\/0750b11a010b564498ba0aa431f36ec0","name":"Thomas Fischer","image":{"@type":"ImageObject","inLanguage":"de","@id":"https:\/\/thomasfischer.at\/wordpress\/#\/schema\/person\/image\/","url":"http:\/\/2.gravatar.com\/avatar\/26c75301a20a16dd69cb304ec4ada93c?s=96&d=mm&r=g","contentUrl":"http:\/\/2.gravatar.com\/avatar\/26c75301a20a16dd69cb304ec4ada93c?s=96&d=mm&r=g","caption":"Thomas Fischer"},"logo":{"@id":"https:\/\/thomasfischer.at\/wordpress\/#\/schema\/person\/image\/"},"sameAs":["http:\/\/thomasfischer.at"]}]}},"_links":{"self":[{"href":"http:\/\/thomasfischer.at\/wordpress\/wp-json\/wp\/v2\/pages\/275"}],"collection":[{"href":"http:\/\/thomasfischer.at\/wordpress\/wp-json\/wp\/v2\/pages"}],"about":[{"href":"http:\/\/thomasfischer.at\/wordpress\/wp-json\/wp\/v2\/types\/page"}],"author":[{"embeddable":true,"href":"http:\/\/thomasfischer.at\/wordpress\/wp-json\/wp\/v2\/users\/1"}],"replies":[{"embeddable":true,"href":"http:\/\/thomasfischer.at\/wordpress\/wp-json\/wp\/v2\/comments?post=275"}],"version-history":[{"count":13,"href":"http:\/\/thomasfischer.at\/wordpress\/wp-json\/wp\/v2\/pages\/275\/revisions"}],"predecessor-version":[{"id":394,"href":"http:\/\/thomasfischer.at\/wordpress\/wp-json\/wp\/v2\/pages\/275\/revisions\/394"}],"wp:attachment":[{"href":"http:\/\/thomasfischer.at\/wordpress\/wp-json\/wp\/v2\/media?parent=275"}],"curies":[{"name":"wp","href":"https:\/\/api.w.org\/{rel}","templated":true}]}}