{"id":252,"date":"2024-01-12T07:42:52","date_gmt":"2024-01-12T06:42:52","guid":{"rendered":"http:\/\/thomasfischer.at\/wordpress\/?page_id=252"},"modified":"2024-01-25T19:43:32","modified_gmt":"2024-01-25T18:43:32","slug":"online-beratung","status":"publish","type":"page","link":"http:\/\/thomasfischer.at\/wordpress\/online-beratung\/","title":{"rendered":"Online-Beratung"},"content":{"rendered":"<p>F\u00fcr meine Online-Beratung und das Online-Coaching benutze ich die digitale Plattform coachingspace. Dieses Tool garantiert h\u00f6chste Sicherheitsstandarts (DSGVO-konform) und ist von <strong>diversen Berufsverb\u00e4nden zertifiziert<\/strong>.<\/p>\n<p>Die Videoplattform garantiert Ihre Anonymit\u00e4t.Es werden keine IP-Adressen der Nutzer:innen gespeichert. Die Kommunikation \u00fcber Videokonferenzen wird nicht aufgezeichnet und kann auch nicht von coachingspace-Mitarbeiter:innen eingesehen werden. <strong>Ihre Beratung erfolgt damit komplett anonym und verschl\u00fcsselt.<\/strong><\/p>\n<p>Zum vereinbarten Termin \u00fcbersende ich Ihnen einen Zugangslink, der Sie in den digitalen Beratungsraum leitet.<\/p>\n<p style=\"text-align: center;\"><a href=\"https:\/\/thomasfischer.at\/wordpress\/book-appointment\/\">Terminbuchung<\/a><\/p>\n","protected":false},"excerpt":{"rendered":"<p>F\u00fcr meine Online-Beratung und das Online-Coaching benutze ich die digitale Plattform coachingspace. Dieses Tool garantiert h\u00f6chste Sicherheitsstandarts (DSGVO-konform) und ist von diversen Berufsverb\u00e4nden zertifiziert. Die Videoplattform garantiert Ihre Anonymit\u00e4t.Es werden keine IP-Adressen der Nutzer:innen gespeichert. Die Kommunikation \u00fcber Videokonferenzen wird nicht aufgezeichnet und kann auch nicht von coachingspace-Mitarbeiter:innen eingesehen werden. Ihre Beratung erfolgt damit komplett [&hellip;]<\/p>\n","protected":false},"author":1,"featured_media":0,"parent":0,"menu_order":0,"comment_status":"closed","ping_status":"closed","template":"","meta":{"om_disable_all_campaigns":false,"footnotes":""},"class_list":["post-252","page","type-page","status-publish","hentry"],"yoast_head":"<!-- This site is optimized with the Yoast SEO plugin v23.5 - https:\/\/yoast.com\/wordpress\/plugins\/seo\/ -->\n<title>Online-Beratung - Thomas Fischer % % % % % %<\/title>\n<meta name=\"description\" content=\"Psychologische Hilfe bei Verlust Trauer Einsamkeit Liebeskummer-Coaching Selbstwertkrisen Nachthotline Liebeskummer info: +43 680 1421285\" \/>\n<meta name=\"robots\" content=\"index, follow, max-snippet:-1, max-image-preview:large, max-video-preview:-1\" \/>\n<link rel=\"canonical\" href=\"http:\/\/thomasfischer.at\/wordpress\/online-beratung\/\" \/>\n<meta property=\"og:locale\" content=\"de_DE\" \/>\n<meta property=\"og:type\" content=\"article\" \/>\n<meta property=\"og:title\" content=\"Online-Beratung - Thomas Fischer % % % % % %\" \/>\n<meta property=\"og:description\" content=\"Psychologische Hilfe bei Verlust Trauer Einsamkeit Liebeskummer-Coaching Selbstwertkrisen Nachthotline Liebeskummer info: +43 680 1421285\" \/>\n<meta property=\"og:url\" content=\"http:\/\/thomasfischer.at\/wordpress\/online-beratung\/\" \/>\n<meta property=\"og:site_name\" content=\"Thomas Fischer\" \/>\n<meta property=\"article:modified_time\" content=\"2024-01-25T18:43:32+00:00\" \/>\n<script type=\"application\/ld+json\" class=\"yoast-schema-graph\">{\"@context\":\"https:\/\/schema.org\",\"@graph\":[{\"@type\":\"WebPage\",\"@id\":\"http:\/\/thomasfischer.at\/wordpress\/online-beratung\/\",\"url\":\"http:\/\/thomasfischer.at\/wordpress\/online-beratung\/\",\"name\":\"Online-Beratung - Thomas Fischer % % % % % %\",\"isPartOf\":{\"@id\":\"http:\/\/thomasfischer.at\/wordpress\/#website\"},\"datePublished\":\"2024-01-12T06:42:52+00:00\",\"dateModified\":\"2024-01-25T18:43:32+00:00\",\"description\":\"Psychologische Hilfe bei Verlust Trauer Einsamkeit Liebeskummer-Coaching Selbstwertkrisen Nachthotline Liebeskummer info: +43 680 1421285\",\"breadcrumb\":{\"@id\":\"http:\/\/thomasfischer.at\/wordpress\/online-beratung\/#breadcrumb\"},\"inLanguage\":\"de\",\"potentialAction\":[{\"@type\":\"ReadAction\",\"target\":[\"http:\/\/thomasfischer.at\/wordpress\/online-beratung\/\"]}]},{\"@type\":\"BreadcrumbList\",\"@id\":\"http:\/\/thomasfischer.at\/wordpress\/online-beratung\/#breadcrumb\",\"itemListElement\":[{\"@type\":\"ListItem\",\"position\":1,\"name\":\"Startseite\",\"item\":\"http:\/\/thomasfischer.at\/wordpress\/\"},{\"@type\":\"ListItem\",\"position\":2,\"name\":\"Online-Beratung\"}]},{\"@type\":\"WebSite\",\"@id\":\"http:\/\/thomasfischer.at\/wordpress\/#website\",\"url\":\"http:\/\/thomasfischer.at\/wordpress\/\",\"name\":\"Praxis Thomas Fischer\",\"description\":\"\",\"publisher\":{\"@id\":\"http:\/\/thomasfischer.at\/wordpress\/#\/schema\/person\/0750b11a010b564498ba0aa431f36ec0\"},\"potentialAction\":[{\"@type\":\"SearchAction\",\"target\":{\"@type\":\"EntryPoint\",\"urlTemplate\":\"http:\/\/thomasfischer.at\/wordpress\/?s={search_term_string}\"},\"query-input\":{\"@type\":\"PropertyValueSpecification\",\"valueRequired\":true,\"valueName\":\"search_term_string\"}}],\"inLanguage\":\"de\"},{\"@type\":[\"Person\",\"Organization\"],\"@id\":\"http:\/\/thomasfischer.at\/wordpress\/#\/schema\/person\/0750b11a010b564498ba0aa431f36ec0\",\"name\":\"Thomas Fischer\",\"image\":{\"@type\":\"ImageObject\",\"inLanguage\":\"de\",\"@id\":\"http:\/\/thomasfischer.at\/wordpress\/#\/schema\/person\/image\/\",\"url\":\"http:\/\/2.gravatar.com\/avatar\/26c75301a20a16dd69cb304ec4ada93c?s=96&d=mm&r=g\",\"contentUrl\":\"http:\/\/2.gravatar.com\/avatar\/26c75301a20a16dd69cb304ec4ada93c?s=96&d=mm&r=g\",\"caption\":\"Thomas Fischer\"},\"logo\":{\"@id\":\"http:\/\/thomasfischer.at\/wordpress\/#\/schema\/person\/image\/\"},\"sameAs\":[\"http:\/\/thomasfischer.at\"]}]}<\/script>\n<!-- \/ Yoast SEO plugin. -->","yoast_head_json":{"title":"Online-Beratung - Thomas Fischer % % % % % %","description":"Psychologische Hilfe bei Verlust Trauer Einsamkeit Liebeskummer-Coaching Selbstwertkrisen Nachthotline Liebeskummer info: +43 680 1421285","robots":{"index":"index","follow":"follow","max-snippet":"max-snippet:-1","max-image-preview":"max-image-preview:large","max-video-preview":"max-video-preview:-1"},"canonical":"http:\/\/thomasfischer.at\/wordpress\/online-beratung\/","og_locale":"de_DE","og_type":"article","og_title":"Online-Beratung - Thomas Fischer % % % % % %","og_description":"Psychologische Hilfe bei Verlust Trauer Einsamkeit Liebeskummer-Coaching Selbstwertkrisen Nachthotline Liebeskummer info: +43 680 1421285","og_url":"http:\/\/thomasfischer.at\/wordpress\/online-beratung\/","og_site_name":"Thomas Fischer","article_modified_time":"2024-01-25T18:43:32+00:00","schema":{"@context":"https:\/\/schema.org","@graph":[{"@type":"WebPage","@id":"http:\/\/thomasfischer.at\/wordpress\/online-beratung\/","url":"http:\/\/thomasfischer.at\/wordpress\/online-beratung\/","name":"Online-Beratung - Thomas Fischer % % % % % %","isPartOf":{"@id":"http:\/\/thomasfischer.at\/wordpress\/#website"},"datePublished":"2024-01-12T06:42:52+00:00","dateModified":"2024-01-25T18:43:32+00:00","description":"Psychologische Hilfe bei Verlust Trauer Einsamkeit Liebeskummer-Coaching Selbstwertkrisen Nachthotline Liebeskummer info: +43 680 1421285","breadcrumb":{"@id":"http:\/\/thomasfischer.at\/wordpress\/online-beratung\/#breadcrumb"},"inLanguage":"de","potentialAction":[{"@type":"ReadAction","target":["http:\/\/thomasfischer.at\/wordpress\/online-beratung\/"]}]},{"@type":"BreadcrumbList","@id":"http:\/\/thomasfischer.at\/wordpress\/online-beratung\/#breadcrumb","itemListElement":[{"@type":"ListItem","position":1,"name":"Startseite","item":"http:\/\/thomasfischer.at\/wordpress\/"},{"@type":"ListItem","position":2,"name":"Online-Beratung"}]},{"@type":"WebSite","@id":"http:\/\/thomasfischer.at\/wordpress\/#website","url":"http:\/\/thomasfischer.at\/wordpress\/","name":"Praxis Thomas Fischer","description":"","publisher":{"@id":"http:\/\/thomasfischer.at\/wordpress\/#\/schema\/person\/0750b11a010b564498ba0aa431f36ec0"},"potentialAction":[{"@type":"SearchAction","target":{"@type":"EntryPoint","urlTemplate":"http:\/\/thomasfischer.at\/wordpress\/?s={search_term_string}"},"query-input":{"@type":"PropertyValueSpecification","valueRequired":true,"valueName":"search_term_string"}}],"inLanguage":"de"},{"@type":["Person","Organization"],"@id":"http:\/\/thomasfischer.at\/wordpress\/#\/schema\/person\/0750b11a010b564498ba0aa431f36ec0","name":"Thomas Fischer","image":{"@type":"ImageObject","inLanguage":"de","@id":"http:\/\/thomasfischer.at\/wordpress\/#\/schema\/person\/image\/","url":"http:\/\/2.gravatar.com\/avatar\/26c75301a20a16dd69cb304ec4ada93c?s=96&d=mm&r=g","contentUrl":"http:\/\/2.gravatar.com\/avatar\/26c75301a20a16dd69cb304ec4ada93c?s=96&d=mm&r=g","caption":"Thomas Fischer"},"logo":{"@id":"http:\/\/thomasfischer.at\/wordpress\/#\/schema\/person\/image\/"},"sameAs":["http:\/\/thomasfischer.at"]}]}},"_links":{"self":[{"href":"http:\/\/thomasfischer.at\/wordpress\/wp-json\/wp\/v2\/pages\/252"}],"collection":[{"href":"http:\/\/thomasfischer.at\/wordpress\/wp-json\/wp\/v2\/pages"}],"about":[{"href":"http:\/\/thomasfischer.at\/wordpress\/wp-json\/wp\/v2\/types\/page"}],"author":[{"embeddable":true,"href":"http:\/\/thomasfischer.at\/wordpress\/wp-json\/wp\/v2\/users\/1"}],"replies":[{"embeddable":true,"href":"http:\/\/thomasfischer.at\/wordpress\/wp-json\/wp\/v2\/comments?post=252"}],"version-history":[{"count":7,"href":"http:\/\/thomasfischer.at\/wordpress\/wp-json\/wp\/v2\/pages\/252\/revisions"}],"predecessor-version":[{"id":372,"href":"http:\/\/thomasfischer.at\/wordpress\/wp-json\/wp\/v2\/pages\/252\/revisions\/372"}],"wp:attachment":[{"href":"http:\/\/thomasfischer.at\/wordpress\/wp-json\/wp\/v2\/media?parent=252"}],"curies":[{"name":"wp","href":"https:\/\/api.w.org\/{rel}","templated":true}]}}