{"id":203,"date":"2024-01-12T00:31:02","date_gmt":"2024-01-11T23:31:02","guid":{"rendered":"http:\/\/thomasfischer.at\/wordpress\/?page_id=203"},"modified":"2024-09-18T21:22:38","modified_gmt":"2024-09-18T19:22:38","slug":"nachtsprechstunde","status":"publish","type":"page","link":"http:\/\/thomasfischer.at\/wordpress\/nachtsprechstunde\/","title":{"rendered":"Nacht-Hotline"},"content":{"rendered":"<p style=\"text-align: center;\">\n<p style=\"text-align: center;\"><strong>N\u00e4chtliche Sorgen ? Hilfe zur inneren Balance !<\/strong><strong><br \/>\n<\/strong><\/p>\n<p>In Lebenskrisen kann die Nacht zur besonderen Herausforderung werden. Verzweiflung und Einsamkeit k\u00f6nnen sich den Weg bahnen, mit der Gefahr, dass das Gef\u00fchl der Hilflosigkeit intensiver wahrgenommen wird.<\/p>\n<p>F\u00fcr solche Momente m\u00f6chte ich im Rahmen meiner Nachtsprechstunde einen Ort der Entlastung anbieten, einen safe space f\u00fcr die ureigenen Gedanken und Gef\u00fchle.<\/p>\n<p><strong>Grunds\u00e4tzlich offen f\u00fcr alle Themen<\/strong> m\u00f6chte ich in der Nachtsprechstunde vor allem f\u00fcr folgende Schwerpunktthemen f\u00fcr Sie da sein:<\/p>\n<p style=\"text-align: center;\"><strong>Liebeskummer<\/strong><\/p>\n<p>Liebeskummer ist ein emotionaler Ausnahmezustand, der tiefe Narben in die Seele brennt.<\/p>\n<p>Liebeskummer bedeutet in der akuten Phase Wut, Trauer, Verzweiflung und Mutlosigkeit.<\/p>\n<p>Liebeskummer ist unermesslicher Schmerz und das Gef\u00fchl, den Boden unter den Boden unter den F\u00fc\u00dfen zu verlieren.<\/p>\n<p>Mit meinem<strong> Liebeskummer-Coaching<\/strong> unterst\u00fctze ich meine Klienten und Klientinnen dabei, ihre Gedanken zu ordnen und verleihe ihnen die n\u00f6tige Energie und Motivation, um neue Perspektiven zu entwickeln.<\/p>\n<p style=\"text-align: center;\"><strong>Restless Legs-Sydrome (RLS)<\/strong><\/p>\n<p>Als Betroffener wei\u00df ich, wie sehr RLS jemanden psychisch und physisch in die Knie zwingen und die Lebensfreude nehmen kann.<\/p>\n<p>Grunds\u00e4tzlich ist das Restless-Leg-Syndrome eine <strong>neurologische Erkrankung, die zwingend in H\u00e4nde fach\u00e4rztlicher Betreuung und Begleitung geh\u00f6rt.<\/strong><\/p>\n<p>In meiner Nachtsprechstunde m\u00f6chte ich mich <strong>komplement\u00e4r dazu den psychischen Aspekten <\/strong>der Erkrankung widmen. Es geht um das geh\u00f6rt und wahrgenommen werden in einer Lebenswelt, die kaum ein anderer verstehen kann.<\/p>\n<p style=\"text-align: center;\"><strong>Die Nacht-Hotline: <\/strong><\/p>\n<p style=\"text-align: center;\"><strong>F\u00fcr alle die, die gerade seelisch zu m\u00fcde sind zum Schlafen.<\/strong><\/p>\n<p style=\"text-align: center;\">\u00a0<a href=\"https:\/\/thomasfischer.at\/wordpress\/book-appointment\/\">Vereinbaren Sie einen Termin<\/a><\/p>\n<p style=\"text-align: center;\"><strong>N\u00e4chtliche Sorgen ? Hilfe zur inneren Balance !<\/strong><\/p>\n","protected":false},"excerpt":{"rendered":"<p>N\u00e4chtliche Sorgen ? Hilfe zur inneren Balance ! In Lebenskrisen kann die Nacht zur besonderen Herausforderung werden. Verzweiflung und Einsamkeit k\u00f6nnen sich den Weg bahnen, mit der Gefahr, dass das Gef\u00fchl der Hilflosigkeit intensiver wahrgenommen wird. F\u00fcr solche Momente m\u00f6chte ich im Rahmen meiner Nachtsprechstunde einen Ort der Entlastung anbieten, einen safe space f\u00fcr die [&hellip;]<\/p>\n","protected":false},"author":1,"featured_media":0,"parent":0,"menu_order":0,"comment_status":"closed","ping_status":"closed","template":"","meta":{"om_disable_all_campaigns":false,"footnotes":""},"class_list":["post-203","page","type-page","status-publish","hentry"],"yoast_head":"<!-- This site is optimized with the Yoast SEO plugin v23.5 - https:\/\/yoast.com\/wordpress\/plugins\/seo\/ -->\n<title>Nacht-Hotline - Online-Beratung in der Nacht<\/title>\n<meta name=\"description\" content=\"Hast du Schlafprobleme wegen Liebeskummer? Oder leidest du unter Restless Legs-Syndrom (RLS)? Nutze deine n\u00e4chtliche Sprechstunde \u2013 online und vertraulich. Kontaktiere mich jetzt und erhalte die Hilfe, die du brauchst!\" \/>\n<meta name=\"robots\" content=\"index, follow, max-snippet:-1, max-image-preview:large, max-video-preview:-1\" \/>\n<link rel=\"canonical\" href=\"http:\/\/thomasfischer.at\/wordpress\/nachtsprechstunde\/\" \/>\n<meta property=\"og:locale\" content=\"de_DE\" \/>\n<meta property=\"og:type\" content=\"article\" \/>\n<meta property=\"og:title\" content=\"Nacht-Hotline - Online-Beratung in der Nacht\" \/>\n<meta property=\"og:description\" content=\"Hast du Schlafprobleme wegen Liebeskummer? Oder leidest du unter Restless Legs-Syndrom (RLS)? Nutze deine n\u00e4chtliche Sprechstunde \u2013 online und vertraulich. Kontaktiere mich jetzt und erhalte die Hilfe, die du brauchst!\" \/>\n<meta property=\"og:url\" content=\"http:\/\/thomasfischer.at\/wordpress\/nachtsprechstunde\/\" \/>\n<meta property=\"og:site_name\" content=\"Thomas Fischer\" \/>\n<meta property=\"article:modified_time\" content=\"2024-09-18T19:22:38+00:00\" \/>\n<script type=\"application\/ld+json\" class=\"yoast-schema-graph\">{\"@context\":\"https:\/\/schema.org\",\"@graph\":[{\"@type\":\"WebPage\",\"@id\":\"http:\/\/thomasfischer.at\/wordpress\/nachtsprechstunde\/\",\"url\":\"http:\/\/thomasfischer.at\/wordpress\/nachtsprechstunde\/\",\"name\":\"Nacht-Hotline - Online-Beratung in der Nacht\",\"isPartOf\":{\"@id\":\"http:\/\/thomasfischer.at\/wordpress\/#website\"},\"datePublished\":\"2024-01-11T23:31:02+00:00\",\"dateModified\":\"2024-09-18T19:22:38+00:00\",\"description\":\"Hast du Schlafprobleme wegen Liebeskummer? Oder leidest du unter Restless Legs-Syndrom (RLS)? Nutze deine n\u00e4chtliche Sprechstunde \u2013 online und vertraulich. Kontaktiere mich jetzt und erhalte die Hilfe, die du brauchst!\",\"breadcrumb\":{\"@id\":\"http:\/\/thomasfischer.at\/wordpress\/nachtsprechstunde\/#breadcrumb\"},\"inLanguage\":\"de\",\"potentialAction\":[{\"@type\":\"ReadAction\",\"target\":[\"http:\/\/thomasfischer.at\/wordpress\/nachtsprechstunde\/\"]}]},{\"@type\":\"BreadcrumbList\",\"@id\":\"http:\/\/thomasfischer.at\/wordpress\/nachtsprechstunde\/#breadcrumb\",\"itemListElement\":[{\"@type\":\"ListItem\",\"position\":1,\"name\":\"Startseite\",\"item\":\"http:\/\/thomasfischer.at\/wordpress\/\"},{\"@type\":\"ListItem\",\"position\":2,\"name\":\"Nacht-Hotline\"}]},{\"@type\":\"WebSite\",\"@id\":\"http:\/\/thomasfischer.at\/wordpress\/#website\",\"url\":\"http:\/\/thomasfischer.at\/wordpress\/\",\"name\":\"Praxis Thomas Fischer\",\"description\":\"\",\"publisher\":{\"@id\":\"http:\/\/thomasfischer.at\/wordpress\/#\/schema\/person\/0750b11a010b564498ba0aa431f36ec0\"},\"potentialAction\":[{\"@type\":\"SearchAction\",\"target\":{\"@type\":\"EntryPoint\",\"urlTemplate\":\"http:\/\/thomasfischer.at\/wordpress\/?s={search_term_string}\"},\"query-input\":{\"@type\":\"PropertyValueSpecification\",\"valueRequired\":true,\"valueName\":\"search_term_string\"}}],\"inLanguage\":\"de\"},{\"@type\":[\"Person\",\"Organization\"],\"@id\":\"http:\/\/thomasfischer.at\/wordpress\/#\/schema\/person\/0750b11a010b564498ba0aa431f36ec0\",\"name\":\"Thomas Fischer\",\"image\":{\"@type\":\"ImageObject\",\"inLanguage\":\"de\",\"@id\":\"http:\/\/thomasfischer.at\/wordpress\/#\/schema\/person\/image\/\",\"url\":\"http:\/\/2.gravatar.com\/avatar\/26c75301a20a16dd69cb304ec4ada93c?s=96&d=mm&r=g\",\"contentUrl\":\"http:\/\/2.gravatar.com\/avatar\/26c75301a20a16dd69cb304ec4ada93c?s=96&d=mm&r=g\",\"caption\":\"Thomas Fischer\"},\"logo\":{\"@id\":\"http:\/\/thomasfischer.at\/wordpress\/#\/schema\/person\/image\/\"},\"sameAs\":[\"http:\/\/thomasfischer.at\"]}]}<\/script>\n<!-- \/ Yoast SEO plugin. -->","yoast_head_json":{"title":"Nacht-Hotline - Online-Beratung in der Nacht","description":"Hast du Schlafprobleme wegen Liebeskummer? Oder leidest du unter Restless Legs-Syndrom (RLS)? Nutze deine n\u00e4chtliche Sprechstunde \u2013 online und vertraulich. Kontaktiere mich jetzt und erhalte die Hilfe, die du brauchst!","robots":{"index":"index","follow":"follow","max-snippet":"max-snippet:-1","max-image-preview":"max-image-preview:large","max-video-preview":"max-video-preview:-1"},"canonical":"http:\/\/thomasfischer.at\/wordpress\/nachtsprechstunde\/","og_locale":"de_DE","og_type":"article","og_title":"Nacht-Hotline - Online-Beratung in der Nacht","og_description":"Hast du Schlafprobleme wegen Liebeskummer? Oder leidest du unter Restless Legs-Syndrom (RLS)? Nutze deine n\u00e4chtliche Sprechstunde \u2013 online und vertraulich. Kontaktiere mich jetzt und erhalte die Hilfe, die du brauchst!","og_url":"http:\/\/thomasfischer.at\/wordpress\/nachtsprechstunde\/","og_site_name":"Thomas Fischer","article_modified_time":"2024-09-18T19:22:38+00:00","schema":{"@context":"https:\/\/schema.org","@graph":[{"@type":"WebPage","@id":"http:\/\/thomasfischer.at\/wordpress\/nachtsprechstunde\/","url":"http:\/\/thomasfischer.at\/wordpress\/nachtsprechstunde\/","name":"Nacht-Hotline - Online-Beratung in der Nacht","isPartOf":{"@id":"http:\/\/thomasfischer.at\/wordpress\/#website"},"datePublished":"2024-01-11T23:31:02+00:00","dateModified":"2024-09-18T19:22:38+00:00","description":"Hast du Schlafprobleme wegen Liebeskummer? Oder leidest du unter Restless Legs-Syndrom (RLS)? Nutze deine n\u00e4chtliche Sprechstunde \u2013 online und vertraulich. Kontaktiere mich jetzt und erhalte die Hilfe, die du brauchst!","breadcrumb":{"@id":"http:\/\/thomasfischer.at\/wordpress\/nachtsprechstunde\/#breadcrumb"},"inLanguage":"de","potentialAction":[{"@type":"ReadAction","target":["http:\/\/thomasfischer.at\/wordpress\/nachtsprechstunde\/"]}]},{"@type":"BreadcrumbList","@id":"http:\/\/thomasfischer.at\/wordpress\/nachtsprechstunde\/#breadcrumb","itemListElement":[{"@type":"ListItem","position":1,"name":"Startseite","item":"http:\/\/thomasfischer.at\/wordpress\/"},{"@type":"ListItem","position":2,"name":"Nacht-Hotline"}]},{"@type":"WebSite","@id":"http:\/\/thomasfischer.at\/wordpress\/#website","url":"http:\/\/thomasfischer.at\/wordpress\/","name":"Praxis Thomas Fischer","description":"","publisher":{"@id":"http:\/\/thomasfischer.at\/wordpress\/#\/schema\/person\/0750b11a010b564498ba0aa431f36ec0"},"potentialAction":[{"@type":"SearchAction","target":{"@type":"EntryPoint","urlTemplate":"http:\/\/thomasfischer.at\/wordpress\/?s={search_term_string}"},"query-input":{"@type":"PropertyValueSpecification","valueRequired":true,"valueName":"search_term_string"}}],"inLanguage":"de"},{"@type":["Person","Organization"],"@id":"http:\/\/thomasfischer.at\/wordpress\/#\/schema\/person\/0750b11a010b564498ba0aa431f36ec0","name":"Thomas Fischer","image":{"@type":"ImageObject","inLanguage":"de","@id":"http:\/\/thomasfischer.at\/wordpress\/#\/schema\/person\/image\/","url":"http:\/\/2.gravatar.com\/avatar\/26c75301a20a16dd69cb304ec4ada93c?s=96&d=mm&r=g","contentUrl":"http:\/\/2.gravatar.com\/avatar\/26c75301a20a16dd69cb304ec4ada93c?s=96&d=mm&r=g","caption":"Thomas Fischer"},"logo":{"@id":"http:\/\/thomasfischer.at\/wordpress\/#\/schema\/person\/image\/"},"sameAs":["http:\/\/thomasfischer.at"]}]}},"_links":{"self":[{"href":"http:\/\/thomasfischer.at\/wordpress\/wp-json\/wp\/v2\/pages\/203"}],"collection":[{"href":"http:\/\/thomasfischer.at\/wordpress\/wp-json\/wp\/v2\/pages"}],"about":[{"href":"http:\/\/thomasfischer.at\/wordpress\/wp-json\/wp\/v2\/types\/page"}],"author":[{"embeddable":true,"href":"http:\/\/thomasfischer.at\/wordpress\/wp-json\/wp\/v2\/users\/1"}],"replies":[{"embeddable":true,"href":"http:\/\/thomasfischer.at\/wordpress\/wp-json\/wp\/v2\/comments?post=203"}],"version-history":[{"count":42,"href":"http:\/\/thomasfischer.at\/wordpress\/wp-json\/wp\/v2\/pages\/203\/revisions"}],"predecessor-version":[{"id":459,"href":"http:\/\/thomasfischer.at\/wordpress\/wp-json\/wp\/v2\/pages\/203\/revisions\/459"}],"wp:attachment":[{"href":"http:\/\/thomasfischer.at\/wordpress\/wp-json\/wp\/v2\/media?parent=203"}],"curies":[{"name":"wp","href":"https:\/\/api.w.org\/{rel}","templated":true}]}}