{"id":2,"date":"2017-03-23T15:16:11","date_gmt":"2017-03-23T14:16:11","guid":{"rendered":"http:\/\/thomasfischer.at\/wordpress\/?page_id=2"},"modified":"2024-01-12T07:08:31","modified_gmt":"2024-01-12T06:08:31","slug":"impressum","status":"publish","type":"page","link":"http:\/\/thomasfischer.at\/wordpress\/impressum\/","title":{"rendered":"Impressum"},"content":{"rendered":"<p>Thomas Fischer<br \/>\nDipl. Volkswirt<br \/>\nLebens-und Sozialberater<br \/>\nCounselor grad., BVPPT<br \/>\nSch\u00f6nbrunner Allee 49a\/3\/10<br \/>\n1120 Wien<\/p>\n<p>Informationspflicht lt. \u00a75 E-Commerce Gesetz, \u00a714 Unternehmensgesetzbuch bzw. \u00a763 Gewerbeordnung und Offenlegungspflicht lt. \u00a725 Mediengesetz<\/p>\n<p>&nbsp;<\/p>\n<p><strong>Daten zum Unternehmen<\/strong><\/p>\n<p>Firmenname Thomas Fischer<br \/>\nAdresse Sch\u00f6nbrunner Allee 49a\/3\/10, 1120 Wien<br \/>\nTelefon +43 680 1421 285<br \/>\nGisa-Zahl 27847312<\/p>\n<p>Web <a href=\"http:\/\/www.thomasfischer.at\" target=\"_blank\" rel=\"noopener noreferrer\">www.thomasfischer.at<\/a><\/p>\n<p>E-Mail <a href=\"mailto:info@thomasfischer.at\" target=\"_blank\" rel=\"noopener noreferrer\">info@thomasfischer.at<\/a><\/p>\n<p>UID-Nummer Nicht vorhanden gem\u00e4\u00df Kleinunternehmerregelung<\/p>\n<p>Allgemeine Gesch\u00e4ftsbedingungen (Link) <a href=\"http:\/\/www.thomasfischer.at\" target=\"_blank\" rel=\"noopener noreferrer\">www.thomasfischer.at<\/a><\/p>\n<p>Beh\u00f6rde gem. ECG Magistratisches Bezirksamt des XII. Bezirkes<\/p>\n<p>Weitere Aufsichtsbeh\u00f6rde<br \/>\n(gem.ECG) Nicht vorhanden<br \/>\nAnwendbare Rechtsvorschriften Nicht vorhanden<br \/>\nRechtsform Einzelunternehmen<br \/>\nSonstige Informationen Nicht vorhanden<br \/>\ngem. \u00a7 14 UGB<\/p>\n<p>Offenlegung gem\u00e4\u00df \u00a725 Mediengesetz<\/p>\n<p>Firmensitz (Ort der Hauptniederlassung) Wien<br \/>\nUnternehmensgegenstand Lebens-und Sozialberatung<\/p>\n<p>Mitglied der Wirtschaftskammer Wien<\/p>\n<p>Fachgruppe \/ Berufszweig<br \/>\nFG Personenberatung und Lebens-und Sozialberater<\/p>\n<p>Personenbetreuung<br \/>\nEtwaige spezielle berufsrechtliche Vorschriften finden Sie auf der Website der Fachgruppe bzw. im Rechtsinformationssystem des Bundes (<a href=\"http:\/\/www.ris.bka.gv.at\/\" target=\"_blank\" rel=\"noopener noreferrer\">http:\/\/www.ris.bka.gv.at\/<\/a>)<\/p>\n<p>Informationen zu weiteren Unternehmensstandorten (Berechtigungen)<br \/>\n1120 Wien , Sch\u00f6nbrunner Allee 49a\/3\/10 Lebens-und Sozialberater<\/p>\n<p>&nbsp;<\/p>\n<p><strong>Datenschutz<\/strong><\/p>\n<p>Der Schutz Ihrer Privatsph\u00e4re ist f\u00fcr mich von h\u00f6chster Bedeutung. Deshalb halte ich die gesetzlichen Bestimmungen zum Datenschutz selbstverst\u00e4ndlich ein. Dar\u00fcber hinaus ist es mir wichtig, dass Sie jederzeit wissen, wann ich welche Daten speichere und wie ich sie verwende.<\/p>\n<p>Insbesondere der Schutz personenbezogener Daten wie Name, Adresse, Telefonnummer oder E-Mail-Adresse und der verantwortungsvolle Umgang mit den Informationen, die Sie uns anvertrauen ist uns wichtig. Dazu geh\u00f6ren auch die Daten, die bei der Internetnutzung im Hintergrund entstehen, sogenannte Protokolle. Ich sichere Ihnen zu, dass Ihre Angaben entsprechend den geltenden deutschen datenschutzrechtlichen Bestimmungen vertraulich behandelt werden.<\/p>\n<p>&nbsp;<\/p>\n<p><strong>Hinweis<\/strong><\/p>\n<p>Die Website von Thomas Fischer enth\u00e4lt Links zu Websites von Drittanbietern. Diese verkn\u00fcpften Websites werden nicht von Thomas Fischer betrieben und Thomas Fischer ist nicht f\u00fcr den Inhalt einer dieser verkn\u00fcpften Websites oder f\u00fcr in einer verkn\u00fcpften Website enthaltenen Links oder \u00c4nderungen oder Updates solcher Websites verantwortlich. Thomas Fischer ist auch nicht f\u00fcr die korrekte Funktion einer verkn\u00fcpften Website verantwortlich. Thomas Fischer stellt hierzu fest, dass diese Links nur als Serviceleistung zur Verf\u00fcgung gestellt werden und hieraus keine Billigung der Websites durch Thomas Fischer oder eine Verbindung mit ihren Betreibern hergeleitet werden kann. Es liegt daher in der alleinigen Verantwortung des Nutzers, die Datenschutzgarantie und die Nutzungsbestimmungen der verkn\u00fcpften Websites zu \u00fcberpr\u00fcfen. Gesch\u00e4fte oder Transaktionen mit Drittanbietern einer verkn\u00fcpften Website oder Dienste dieser erfolgen ausschlie\u00dflich zwischen dem Nutzer und dem Drittanbieter. Thomas Fischer ist nicht verantwortlich oder haftbar f\u00fcr irgendeinen Teil solcher Gesch\u00e4fte oder Dienste.<\/p>\n<p>&nbsp;<\/p>\n<p><strong>Urheberrechtshinweise<\/strong><\/p>\n<p>Copyrights \u00a9 2017 Thomas Fischer.<\/p>\n<p>Alle Rechte vorbehalten. Die Gestaltung und der Inhalt dieser Website sind urheberrechtlich gesch\u00fctzt. Alle Rechte, auch die der \u00dcbersetzung, des Nachdrucks und der Vervielf\u00e4ltigung der Gestaltung, des Inhalts oder Teilen daraus, sind vorbehalten. Ohne schriftliche Genehmigung seitens Thomas Fischer und von www.pixelkapitaen.de darf der Inhalt dieser Seite in keiner Form reproduziert oder unter Verwendung elektronischer Systeme verarbeitet, vervielf\u00e4ltigt oder verbreitet werden.<\/p>\n<p>Die auf der Website verwendeten Texte, Bilder, Grafiken, Dateien usw. unterliegen dem Urheberrecht, soweit keine Freigabevermerke gegeben sind. Die Weitergabe, Ver\u00e4nderung, gewerbliche Nutzung oder Verwendung in anderen Websites oder Medien ist nicht gestattet. Alle nicht gekennzeichneten Bilder, Texte, Grafiken, Datein sind Eigentum von Thomas Fischer sowie teilweise www.pixelkapitaen.de.<\/p>\n<p>&nbsp;<\/p>\n<p><strong>Links auf andere Internetseiten<\/strong><\/p>\n<p>F\u00fcr Inhalte anderer Webseiten, auf die Sie \u00fcber meine Links gelangen k\u00f6nnen, \u00fcbernehme ich keine Verantwortung.<\/p>\n<p>&nbsp;<\/p>\n<p><strong>Kreation und Realisierung:<\/strong><br \/>\n<a href=\"http:\/\/www.pixelkapitaen.de\" target=\"_blank\" rel=\"noopener noreferrer\">www.pixelkapitaen.de<\/a><\/p>\n<p>&nbsp;<\/p>\n<p><strong>Bildnachweis:<\/strong><br \/>\n<a href=\"http:\/\/www.freepik.com\/free-photos-vectors\/vintage\" target=\"_blank\" rel=\"noopener noreferrer\">Vintage vector created by Alvaro_cabrera &#8211; Freepik.com<\/a><\/p>\n","protected":false},"excerpt":{"rendered":"<p>Thomas Fischer Dipl. Volkswirt Lebens-und Sozialberater Counselor grad., BVPPT Sch\u00f6nbrunner Allee 49a\/3\/10 1120 Wien Informationspflicht lt. \u00a75 E-Commerce Gesetz, \u00a714 Unternehmensgesetzbuch bzw. \u00a763 Gewerbeordnung und Offenlegungspflicht lt. \u00a725 Mediengesetz &nbsp; Daten zum Unternehmen Firmenname Thomas Fischer Adresse Sch\u00f6nbrunner Allee 49a\/3\/10, 1120 Wien Telefon +43 680 1421 285 Gisa-Zahl 27847312 Web www.thomasfischer.at E-Mail info@thomasfischer.at UID-Nummer Nicht [&hellip;]<\/p>\n","protected":false},"author":1,"featured_media":166,"parent":0,"menu_order":0,"comment_status":"closed","ping_status":"closed","template":"","meta":{"om_disable_all_campaigns":false,"footnotes":""},"class_list":["post-2","page","type-page","status-publish","has-post-thumbnail","hentry"],"yoast_head":"<!-- This site is optimized with the Yoast SEO plugin v23.5 - https:\/\/yoast.com\/wordpress\/plugins\/seo\/ -->\n<title>Impressum - Thomas Fischer % % % % % %<\/title>\n<meta name=\"description\" content=\"Psychologische Hilfe bei Verlust Trauer Einsamkeit Liebeskummer-Coaching Selbstwertkrisen Nachthotline Liebeskummer info: +43 680 1421285\" \/>\n<meta name=\"robots\" content=\"index, follow, max-snippet:-1, max-image-preview:large, max-video-preview:-1\" \/>\n<link rel=\"canonical\" href=\"https:\/\/thomasfischer.at\/wordpress\/impressum\/\" \/>\n<meta property=\"og:locale\" content=\"de_DE\" \/>\n<meta property=\"og:type\" content=\"article\" \/>\n<meta property=\"og:title\" content=\"Impressum - Thomas Fischer % % % % % %\" \/>\n<meta property=\"og:description\" content=\"Psychologische Hilfe bei Verlust Trauer Einsamkeit Liebeskummer-Coaching Selbstwertkrisen Nachthotline Liebeskummer info: +43 680 1421285\" \/>\n<meta property=\"og:url\" content=\"https:\/\/thomasfischer.at\/wordpress\/impressum\/\" \/>\n<meta property=\"og:site_name\" content=\"Thomas Fischer\" \/>\n<meta property=\"article:modified_time\" content=\"2024-01-12T06:08:31+00:00\" \/>\n<meta property=\"og:image\" content=\"https:\/\/thomasfischer.at\/wordpress\/wp-content\/uploads\/2017\/03\/tee-1698288_zs_logo.jpg\" \/>\n\t<meta property=\"og:image:width\" content=\"891\" \/>\n\t<meta property=\"og:image:height\" content=\"281\" \/>\n\t<meta property=\"og:image:type\" content=\"image\/jpeg\" \/>\n<script type=\"application\/ld+json\" class=\"yoast-schema-graph\">{\"@context\":\"https:\/\/schema.org\",\"@graph\":[{\"@type\":\"WebPage\",\"@id\":\"https:\/\/thomasfischer.at\/wordpress\/impressum\/\",\"url\":\"https:\/\/thomasfischer.at\/wordpress\/impressum\/\",\"name\":\"Impressum - Thomas Fischer % % % % % %\",\"isPartOf\":{\"@id\":\"http:\/\/thomasfischer.at\/wordpress\/#website\"},\"primaryImageOfPage\":{\"@id\":\"https:\/\/thomasfischer.at\/wordpress\/impressum\/#primaryimage\"},\"image\":{\"@id\":\"https:\/\/thomasfischer.at\/wordpress\/impressum\/#primaryimage\"},\"thumbnailUrl\":\"http:\/\/thomasfischer.at\/wordpress\/wp-content\/uploads\/2017\/03\/tee-1698288_zs_logo.jpg\",\"datePublished\":\"2017-03-23T14:16:11+00:00\",\"dateModified\":\"2024-01-12T06:08:31+00:00\",\"description\":\"Psychologische Hilfe bei Verlust Trauer Einsamkeit Liebeskummer-Coaching Selbstwertkrisen Nachthotline Liebeskummer info: +43 680 1421285\",\"breadcrumb\":{\"@id\":\"https:\/\/thomasfischer.at\/wordpress\/impressum\/#breadcrumb\"},\"inLanguage\":\"de\",\"potentialAction\":[{\"@type\":\"ReadAction\",\"target\":[\"https:\/\/thomasfischer.at\/wordpress\/impressum\/\"]}]},{\"@type\":\"ImageObject\",\"inLanguage\":\"de\",\"@id\":\"https:\/\/thomasfischer.at\/wordpress\/impressum\/#primaryimage\",\"url\":\"http:\/\/thomasfischer.at\/wordpress\/wp-content\/uploads\/2017\/03\/tee-1698288_zs_logo.jpg\",\"contentUrl\":\"http:\/\/thomasfischer.at\/wordpress\/wp-content\/uploads\/2017\/03\/tee-1698288_zs_logo.jpg\",\"width\":891,\"height\":281},{\"@type\":\"BreadcrumbList\",\"@id\":\"https:\/\/thomasfischer.at\/wordpress\/impressum\/#breadcrumb\",\"itemListElement\":[{\"@type\":\"ListItem\",\"position\":1,\"name\":\"Startseite\",\"item\":\"http:\/\/thomasfischer.at\/wordpress\/\"},{\"@type\":\"ListItem\",\"position\":2,\"name\":\"Impressum\"}]},{\"@type\":\"WebSite\",\"@id\":\"http:\/\/thomasfischer.at\/wordpress\/#website\",\"url\":\"http:\/\/thomasfischer.at\/wordpress\/\",\"name\":\"Praxis Thomas Fischer\",\"description\":\"\",\"publisher\":{\"@id\":\"http:\/\/thomasfischer.at\/wordpress\/#\/schema\/person\/0750b11a010b564498ba0aa431f36ec0\"},\"potentialAction\":[{\"@type\":\"SearchAction\",\"target\":{\"@type\":\"EntryPoint\",\"urlTemplate\":\"http:\/\/thomasfischer.at\/wordpress\/?s={search_term_string}\"},\"query-input\":{\"@type\":\"PropertyValueSpecification\",\"valueRequired\":true,\"valueName\":\"search_term_string\"}}],\"inLanguage\":\"de\"},{\"@type\":[\"Person\",\"Organization\"],\"@id\":\"http:\/\/thomasfischer.at\/wordpress\/#\/schema\/person\/0750b11a010b564498ba0aa431f36ec0\",\"name\":\"Thomas Fischer\",\"image\":{\"@type\":\"ImageObject\",\"inLanguage\":\"de\",\"@id\":\"http:\/\/thomasfischer.at\/wordpress\/#\/schema\/person\/image\/\",\"url\":\"http:\/\/2.gravatar.com\/avatar\/26c75301a20a16dd69cb304ec4ada93c?s=96&d=mm&r=g\",\"contentUrl\":\"http:\/\/2.gravatar.com\/avatar\/26c75301a20a16dd69cb304ec4ada93c?s=96&d=mm&r=g\",\"caption\":\"Thomas Fischer\"},\"logo\":{\"@id\":\"http:\/\/thomasfischer.at\/wordpress\/#\/schema\/person\/image\/\"},\"sameAs\":[\"http:\/\/thomasfischer.at\"]}]}<\/script>\n<!-- \/ Yoast SEO plugin. -->","yoast_head_json":{"title":"Impressum - Thomas Fischer % % % % % %","description":"Psychologische Hilfe bei Verlust Trauer Einsamkeit Liebeskummer-Coaching Selbstwertkrisen Nachthotline Liebeskummer info: +43 680 1421285","robots":{"index":"index","follow":"follow","max-snippet":"max-snippet:-1","max-image-preview":"max-image-preview:large","max-video-preview":"max-video-preview:-1"},"canonical":"https:\/\/thomasfischer.at\/wordpress\/impressum\/","og_locale":"de_DE","og_type":"article","og_title":"Impressum - Thomas Fischer % % % % % %","og_description":"Psychologische Hilfe bei Verlust Trauer Einsamkeit Liebeskummer-Coaching Selbstwertkrisen Nachthotline Liebeskummer info: +43 680 1421285","og_url":"https:\/\/thomasfischer.at\/wordpress\/impressum\/","og_site_name":"Thomas Fischer","article_modified_time":"2024-01-12T06:08:31+00:00","og_image":[{"width":891,"height":281,"url":"https:\/\/thomasfischer.at\/wordpress\/wp-content\/uploads\/2017\/03\/tee-1698288_zs_logo.jpg","type":"image\/jpeg"}],"schema":{"@context":"https:\/\/schema.org","@graph":[{"@type":"WebPage","@id":"https:\/\/thomasfischer.at\/wordpress\/impressum\/","url":"https:\/\/thomasfischer.at\/wordpress\/impressum\/","name":"Impressum - Thomas Fischer % % % % % %","isPartOf":{"@id":"http:\/\/thomasfischer.at\/wordpress\/#website"},"primaryImageOfPage":{"@id":"https:\/\/thomasfischer.at\/wordpress\/impressum\/#primaryimage"},"image":{"@id":"https:\/\/thomasfischer.at\/wordpress\/impressum\/#primaryimage"},"thumbnailUrl":"http:\/\/thomasfischer.at\/wordpress\/wp-content\/uploads\/2017\/03\/tee-1698288_zs_logo.jpg","datePublished":"2017-03-23T14:16:11+00:00","dateModified":"2024-01-12T06:08:31+00:00","description":"Psychologische Hilfe bei Verlust Trauer Einsamkeit Liebeskummer-Coaching Selbstwertkrisen Nachthotline Liebeskummer info: +43 680 1421285","breadcrumb":{"@id":"https:\/\/thomasfischer.at\/wordpress\/impressum\/#breadcrumb"},"inLanguage":"de","potentialAction":[{"@type":"ReadAction","target":["https:\/\/thomasfischer.at\/wordpress\/impressum\/"]}]},{"@type":"ImageObject","inLanguage":"de","@id":"https:\/\/thomasfischer.at\/wordpress\/impressum\/#primaryimage","url":"http:\/\/thomasfischer.at\/wordpress\/wp-content\/uploads\/2017\/03\/tee-1698288_zs_logo.jpg","contentUrl":"http:\/\/thomasfischer.at\/wordpress\/wp-content\/uploads\/2017\/03\/tee-1698288_zs_logo.jpg","width":891,"height":281},{"@type":"BreadcrumbList","@id":"https:\/\/thomasfischer.at\/wordpress\/impressum\/#breadcrumb","itemListElement":[{"@type":"ListItem","position":1,"name":"Startseite","item":"http:\/\/thomasfischer.at\/wordpress\/"},{"@type":"ListItem","position":2,"name":"Impressum"}]},{"@type":"WebSite","@id":"http:\/\/thomasfischer.at\/wordpress\/#website","url":"http:\/\/thomasfischer.at\/wordpress\/","name":"Praxis Thomas Fischer","description":"","publisher":{"@id":"http:\/\/thomasfischer.at\/wordpress\/#\/schema\/person\/0750b11a010b564498ba0aa431f36ec0"},"potentialAction":[{"@type":"SearchAction","target":{"@type":"EntryPoint","urlTemplate":"http:\/\/thomasfischer.at\/wordpress\/?s={search_term_string}"},"query-input":{"@type":"PropertyValueSpecification","valueRequired":true,"valueName":"search_term_string"}}],"inLanguage":"de"},{"@type":["Person","Organization"],"@id":"http:\/\/thomasfischer.at\/wordpress\/#\/schema\/person\/0750b11a010b564498ba0aa431f36ec0","name":"Thomas Fischer","image":{"@type":"ImageObject","inLanguage":"de","@id":"http:\/\/thomasfischer.at\/wordpress\/#\/schema\/person\/image\/","url":"http:\/\/2.gravatar.com\/avatar\/26c75301a20a16dd69cb304ec4ada93c?s=96&d=mm&r=g","contentUrl":"http:\/\/2.gravatar.com\/avatar\/26c75301a20a16dd69cb304ec4ada93c?s=96&d=mm&r=g","caption":"Thomas Fischer"},"logo":{"@id":"http:\/\/thomasfischer.at\/wordpress\/#\/schema\/person\/image\/"},"sameAs":["http:\/\/thomasfischer.at"]}]}},"_links":{"self":[{"href":"http:\/\/thomasfischer.at\/wordpress\/wp-json\/wp\/v2\/pages\/2"}],"collection":[{"href":"http:\/\/thomasfischer.at\/wordpress\/wp-json\/wp\/v2\/pages"}],"about":[{"href":"http:\/\/thomasfischer.at\/wordpress\/wp-json\/wp\/v2\/types\/page"}],"author":[{"embeddable":true,"href":"http:\/\/thomasfischer.at\/wordpress\/wp-json\/wp\/v2\/users\/1"}],"replies":[{"embeddable":true,"href":"http:\/\/thomasfischer.at\/wordpress\/wp-json\/wp\/v2\/comments?post=2"}],"version-history":[{"count":16,"href":"http:\/\/thomasfischer.at\/wordpress\/wp-json\/wp\/v2\/pages\/2\/revisions"}],"predecessor-version":[{"id":254,"href":"http:\/\/thomasfischer.at\/wordpress\/wp-json\/wp\/v2\/pages\/2\/revisions\/254"}],"wp:featuredmedia":[{"embeddable":true,"href":"http:\/\/thomasfischer.at\/wordpress\/wp-json\/wp\/v2\/media\/166"}],"wp:attachment":[{"href":"http:\/\/thomasfischer.at\/wordpress\/wp-json\/wp\/v2\/media?parent=2"}],"curies":[{"name":"wp","href":"https:\/\/api.w.org\/{rel}","templated":true}]}}